{"id":26767,"date":"2025-11-26T11:38:00","date_gmt":"2025-11-26T10:38:00","guid":{"rendered":"https:\/\/rpthaimassage.hu\/?post_type=product&#038;p=26767"},"modified":"2025-12-11T10:31:25","modified_gmt":"2025-12-11T09:31:25","slug":"vegyes-masszazs-30-perc-hegedu","status":"publish","type":"product","link":"https:\/\/rpthaimassage.hu\/hu\/termek\/vegyes-masszazs-30-perc-hegedu\/","title":{"rendered":"Thai Vegyes Olajos Massz\u00e1zs &#8211; 30 perc (Heged\u0171 utca)"},"content":{"rendered":"<p>Egy Thai Vegyes Olajos Massz\u00e1zs.<\/p>\n","protected":false},"excerpt":{"rendered":"<p>Egy vegyes massz\u00e1zs.<\/p>\n","protected":false},"featured_media":459,"template":"","meta":{"_et_pb_use_builder":"","_et_pb_old_content":"","_et_gb_content_width":""},"product_cat":[15],"product_tag":[],"class_list":["post-26767","product","type-product","status-publish","has-post-thumbnail","hentry","product_cat-egyeb"],"_links":{"self":[{"href":"https:\/\/rpthaimassage.hu\/hu\/wp-json\/wp\/v2\/product\/26767","targetHints":{"allow":["GET"]}}],"collection":[{"href":"https:\/\/rpthaimassage.hu\/hu\/wp-json\/wp\/v2\/product"}],"about":[{"href":"https:\/\/rpthaimassage.hu\/hu\/wp-json\/wp\/v2\/types\/product"}],"wp:featuredmedia":[{"embeddable":true,"href":"https:\/\/rpthaimassage.hu\/hu\/wp-json\/wp\/v2\/media\/459"}],"wp:attachment":[{"href":"https:\/\/rpthaimassage.hu\/hu\/wp-json\/wp\/v2\/media?parent=26767"}],"wp:term":[{"taxonomy":"product_cat","embeddable":true,"href":"https:\/\/rpthaimassage.hu\/hu\/wp-json\/wp\/v2\/product_cat?post=26767"},{"taxonomy":"product_tag","embeddable":true,"href":"https:\/\/rpthaimassage.hu\/hu\/wp-json\/wp\/v2\/product_tag?post=26767"}],"curies":[{"name":"wp","href":"https:\/\/api.w.org\/{rel}","templated":true}]}}