{"id":26873,"date":"2025-11-26T15:37:26","date_gmt":"2025-11-26T14:37:26","guid":{"rendered":"https:\/\/rpthaimassage.hu\/?post_type=product&#038;p=26873"},"modified":"2026-01-12T09:03:58","modified_gmt":"2026-01-12T08:03:58","slug":"hagyomanyos-thai-masszazs-30-perc-4-szigetszentmiklos","status":"publish","type":"product","link":"https:\/\/rpthaimassage.hu\/hu\/termek\/hagyomanyos-thai-masszazs-30-perc-4-szigetszentmiklos\/","title":{"rendered":"4 Kezes Hagyom\u00e1nyos Thai Massz\u00e1zs &#8211; 30 perc (Szigetszentmikl\u00f3s)"},"content":{"rendered":"<p>Egy hagyom\u00e1nyos thai massz\u00e1zs.<\/p>\n","protected":false},"excerpt":{"rendered":"<p>Egy hagyom\u00e1nyos thai massz\u00e1zs.<\/p>\n","protected":false},"featured_media":459,"template":"","meta":{"_et_pb_use_builder":"","_et_pb_old_content":"","_et_gb_content_width":""},"product_cat":[15],"product_tag":[],"class_list":["post-26873","product","type-product","status-publish","has-post-thumbnail","hentry","product_cat-egyeb"],"_links":{"self":[{"href":"https:\/\/rpthaimassage.hu\/hu\/wp-json\/wp\/v2\/product\/26873","targetHints":{"allow":["GET"]}}],"collection":[{"href":"https:\/\/rpthaimassage.hu\/hu\/wp-json\/wp\/v2\/product"}],"about":[{"href":"https:\/\/rpthaimassage.hu\/hu\/wp-json\/wp\/v2\/types\/product"}],"wp:featuredmedia":[{"embeddable":true,"href":"https:\/\/rpthaimassage.hu\/hu\/wp-json\/wp\/v2\/media\/459"}],"wp:attachment":[{"href":"https:\/\/rpthaimassage.hu\/hu\/wp-json\/wp\/v2\/media?parent=26873"}],"wp:term":[{"taxonomy":"product_cat","embeddable":true,"href":"https:\/\/rpthaimassage.hu\/hu\/wp-json\/wp\/v2\/product_cat?post=26873"},{"taxonomy":"product_tag","embeddable":true,"href":"https:\/\/rpthaimassage.hu\/hu\/wp-json\/wp\/v2\/product_tag?post=26873"}],"curies":[{"name":"wp","href":"https:\/\/api.w.org\/{rel}","templated":true}]}}