{"id":26882,"date":"2025-11-26T15:50:01","date_gmt":"2025-11-26T14:50:01","guid":{"rendered":"https:\/\/rpthaimassage.hu\/?post_type=product&#038;p=26882"},"modified":"2026-01-12T09:02:29","modified_gmt":"2026-01-12T08:02:29","slug":"hagyomanyos-thai-masszazs-30-perc-4-hegedu","status":"publish","type":"product","link":"https:\/\/rpthaimassage.hu\/hu\/termek\/hagyomanyos-thai-masszazs-30-perc-4-hegedu\/","title":{"rendered":"4 Kezes Hagyom\u00e1nyos Thai Massz\u00e1zs &#8211; 30 perc (Heged\u0171 utca)"},"content":{"rendered":"<p>Egy hagyom\u00e1nyos thai massz\u00e1zs.<\/p>\n","protected":false},"excerpt":{"rendered":"<p>Egy hagyom\u00e1nyos thai massz\u00e1zs.<\/p>\n","protected":false},"featured_media":459,"template":"","meta":{"_et_pb_use_builder":"","_et_pb_old_content":"","_et_gb_content_width":""},"product_cat":[15],"product_tag":[],"class_list":["post-26882","product","type-product","status-publish","has-post-thumbnail","hentry","product_cat-egyeb"],"_links":{"self":[{"href":"https:\/\/rpthaimassage.hu\/hu\/wp-json\/wp\/v2\/product\/26882","targetHints":{"allow":["GET"]}}],"collection":[{"href":"https:\/\/rpthaimassage.hu\/hu\/wp-json\/wp\/v2\/product"}],"about":[{"href":"https:\/\/rpthaimassage.hu\/hu\/wp-json\/wp\/v2\/types\/product"}],"wp:featuredmedia":[{"embeddable":true,"href":"https:\/\/rpthaimassage.hu\/hu\/wp-json\/wp\/v2\/media\/459"}],"wp:attachment":[{"href":"https:\/\/rpthaimassage.hu\/hu\/wp-json\/wp\/v2\/media?parent=26882"}],"wp:term":[{"taxonomy":"product_cat","embeddable":true,"href":"https:\/\/rpthaimassage.hu\/hu\/wp-json\/wp\/v2\/product_cat?post=26882"},{"taxonomy":"product_tag","embeddable":true,"href":"https:\/\/rpthaimassage.hu\/hu\/wp-json\/wp\/v2\/product_tag?post=26882"}],"curies":[{"name":"wp","href":"https:\/\/api.w.org\/{rel}","templated":true}]}}