{"id":26921,"date":"2025-11-26T16:19:47","date_gmt":"2025-11-26T15:19:47","guid":{"rendered":"https:\/\/rpthaimassage.hu\/?post_type=product&#038;p=26921"},"modified":"2026-01-12T08:56:12","modified_gmt":"2026-01-12T07:56:12","slug":"olajos-thai-masszazs-60-perc-4-hegedu","status":"publish","type":"product","link":"https:\/\/rpthaimassage.hu\/hu\/termek\/olajos-thai-masszazs-60-perc-4-hegedu\/","title":{"rendered":"4 Kezes Relax\u00e1l\u00f3 Olajos Massz\u00e1zs &#8211; 60 perc (Heged\u0171 utca)"},"content":{"rendered":"<p>Egy Relax\u00e1l\u00f3 Olajos Massz\u00e1zs.<\/p>\n","protected":false},"excerpt":{"rendered":"<p>Egy olajos thai massz\u00e1zs.<\/p>\n","protected":false},"featured_media":459,"template":"","meta":{"_et_pb_use_builder":"","_et_pb_old_content":"","_et_gb_content_width":""},"product_cat":[15],"product_tag":[],"class_list":["post-26921","product","type-product","status-publish","has-post-thumbnail","hentry","product_cat-egyeb"],"_links":{"self":[{"href":"https:\/\/rpthaimassage.hu\/hu\/wp-json\/wp\/v2\/product\/26921","targetHints":{"allow":["GET"]}}],"collection":[{"href":"https:\/\/rpthaimassage.hu\/hu\/wp-json\/wp\/v2\/product"}],"about":[{"href":"https:\/\/rpthaimassage.hu\/hu\/wp-json\/wp\/v2\/types\/product"}],"wp:featuredmedia":[{"embeddable":true,"href":"https:\/\/rpthaimassage.hu\/hu\/wp-json\/wp\/v2\/media\/459"}],"wp:attachment":[{"href":"https:\/\/rpthaimassage.hu\/hu\/wp-json\/wp\/v2\/media?parent=26921"}],"wp:term":[{"taxonomy":"product_cat","embeddable":true,"href":"https:\/\/rpthaimassage.hu\/hu\/wp-json\/wp\/v2\/product_cat?post=26921"},{"taxonomy":"product_tag","embeddable":true,"href":"https:\/\/rpthaimassage.hu\/hu\/wp-json\/wp\/v2\/product_tag?post=26921"}],"curies":[{"name":"wp","href":"https:\/\/api.w.org\/{rel}","templated":true}]}}