{"id":26944,"date":"2025-11-26T21:48:23","date_gmt":"2025-11-26T20:48:23","guid":{"rendered":"https:\/\/rpthaimassage.hu\/?post_type=product&#038;p=26944"},"modified":"2026-01-12T08:53:33","modified_gmt":"2026-01-12T07:53:33","slug":"meleg-kokuszolajos-masszazs-120-perc-4","status":"publish","type":"product","link":"https:\/\/rpthaimassage.hu\/hu\/termek\/meleg-kokuszolajos-masszazs-120-perc-4\/","title":{"rendered":"4 Kezes Meleg K\u00f3kuszolajos Massz\u00e1zs &#8211; 120 perc (Dob utca)"},"content":{"rendered":"<p>Egy meleg k\u00f3kuszolajos massz\u00e1zs.<\/p>\n","protected":false},"excerpt":{"rendered":"<p>Egy meleg k\u00f3kuszolajos massz\u00e1zs.<\/p>\n","protected":false},"featured_media":459,"template":"","meta":{"_et_pb_use_builder":"","_et_pb_old_content":"","_et_gb_content_width":""},"product_cat":[15],"product_tag":[],"class_list":["post-26944","product","type-product","status-publish","has-post-thumbnail","hentry","product_cat-egyeb"],"_links":{"self":[{"href":"https:\/\/rpthaimassage.hu\/hu\/wp-json\/wp\/v2\/product\/26944","targetHints":{"allow":["GET"]}}],"collection":[{"href":"https:\/\/rpthaimassage.hu\/hu\/wp-json\/wp\/v2\/product"}],"about":[{"href":"https:\/\/rpthaimassage.hu\/hu\/wp-json\/wp\/v2\/types\/product"}],"wp:featuredmedia":[{"embeddable":true,"href":"https:\/\/rpthaimassage.hu\/hu\/wp-json\/wp\/v2\/media\/459"}],"wp:attachment":[{"href":"https:\/\/rpthaimassage.hu\/hu\/wp-json\/wp\/v2\/media?parent=26944"}],"wp:term":[{"taxonomy":"product_cat","embeddable":true,"href":"https:\/\/rpthaimassage.hu\/hu\/wp-json\/wp\/v2\/product_cat?post=26944"},{"taxonomy":"product_tag","embeddable":true,"href":"https:\/\/rpthaimassage.hu\/hu\/wp-json\/wp\/v2\/product_tag?post=26944"}],"curies":[{"name":"wp","href":"https:\/\/api.w.org\/{rel}","templated":true}]}}