{"id":27012,"date":"2025-11-26T23:07:32","date_gmt":"2025-11-26T22:07:32","guid":{"rendered":"https:\/\/rpthaimassage.hu\/?post_type=product&#038;p=27012"},"modified":"2026-01-12T08:41:21","modified_gmt":"2026-01-12T07:41:21","slug":"teljes-egyensuly-masszazs-90-perc-4-hegedu","status":"publish","type":"product","link":"https:\/\/rpthaimassage.hu\/hu\/termek\/teljes-egyensuly-masszazs-90-perc-4-hegedu\/","title":{"rendered":"4 Kezes Royal Palace Egyens\u00faly Massz\u00e1zs &#8211; 90 perc (Heged\u0171 utca)"},"content":{"rendered":"<p>Egy Teljes test, \u00e9s L\u00e1bmassz\u00e1zs.<\/p>\n","protected":false},"excerpt":{"rendered":"<p>Egy teljes egyens\u00faly massz\u00e1zs.<\/p>\n","protected":false},"featured_media":459,"template":"","meta":{"_et_pb_use_builder":"","_et_pb_old_content":"","_et_gb_content_width":""},"product_cat":[15],"product_tag":[],"class_list":["post-27012","product","type-product","status-publish","has-post-thumbnail","hentry","product_cat-egyeb"],"_links":{"self":[{"href":"https:\/\/rpthaimassage.hu\/hu\/wp-json\/wp\/v2\/product\/27012","targetHints":{"allow":["GET"]}}],"collection":[{"href":"https:\/\/rpthaimassage.hu\/hu\/wp-json\/wp\/v2\/product"}],"about":[{"href":"https:\/\/rpthaimassage.hu\/hu\/wp-json\/wp\/v2\/types\/product"}],"wp:featuredmedia":[{"embeddable":true,"href":"https:\/\/rpthaimassage.hu\/hu\/wp-json\/wp\/v2\/media\/459"}],"wp:attachment":[{"href":"https:\/\/rpthaimassage.hu\/hu\/wp-json\/wp\/v2\/media?parent=27012"}],"wp:term":[{"taxonomy":"product_cat","embeddable":true,"href":"https:\/\/rpthaimassage.hu\/hu\/wp-json\/wp\/v2\/product_cat?post=27012"},{"taxonomy":"product_tag","embeddable":true,"href":"https:\/\/rpthaimassage.hu\/hu\/wp-json\/wp\/v2\/product_tag?post=27012"}],"curies":[{"name":"wp","href":"https:\/\/api.w.org\/{rel}","templated":true}]}}