{"id":760,"date":"2022-02-25T11:01:42","date_gmt":"2022-02-25T10:01:42","guid":{"rendered":"https:\/\/rpthaimassage.hu\/?post_type=product&#038;p=760"},"modified":"2025-11-26T14:31:01","modified_gmt":"2025-11-26T13:31:01","slug":"olajos-thai-masszazs-30-perc","status":"publish","type":"product","link":"https:\/\/rpthaimassage.hu\/hu\/termek\/olajos-thai-masszazs-30-perc\/","title":{"rendered":"Relax\u00e1l\u00f3 Olajos Massz\u00e1zs &#8211; 30 perc (Dob utca)"},"content":{"rendered":"<p>Egy Relax\u00e1l\u00f3 Olajos Massz\u00e1zs.<\/p>\n","protected":false},"excerpt":{"rendered":"<p>Egy olajos thai massz\u00e1zs.<\/p>\n","protected":false},"featured_media":459,"template":"","meta":{"_et_pb_use_builder":"","_et_pb_old_content":"","_et_gb_content_width":""},"product_cat":[15],"product_tag":[],"class_list":["post-760","product","type-product","status-publish","has-post-thumbnail","hentry","product_cat-egyeb"],"_links":{"self":[{"href":"https:\/\/rpthaimassage.hu\/hu\/wp-json\/wp\/v2\/product\/760","targetHints":{"allow":["GET"]}}],"collection":[{"href":"https:\/\/rpthaimassage.hu\/hu\/wp-json\/wp\/v2\/product"}],"about":[{"href":"https:\/\/rpthaimassage.hu\/hu\/wp-json\/wp\/v2\/types\/product"}],"wp:featuredmedia":[{"embeddable":true,"href":"https:\/\/rpthaimassage.hu\/hu\/wp-json\/wp\/v2\/media\/459"}],"wp:attachment":[{"href":"https:\/\/rpthaimassage.hu\/hu\/wp-json\/wp\/v2\/media?parent=760"}],"wp:term":[{"taxonomy":"product_cat","embeddable":true,"href":"https:\/\/rpthaimassage.hu\/hu\/wp-json\/wp\/v2\/product_cat?post=760"},{"taxonomy":"product_tag","embeddable":true,"href":"https:\/\/rpthaimassage.hu\/hu\/wp-json\/wp\/v2\/product_tag?post=760"}],"curies":[{"name":"wp","href":"https:\/\/api.w.org\/{rel}","templated":true}]}}