{"id":7973,"date":"2023-09-28T10:54:48","date_gmt":"2023-09-28T08:54:48","guid":{"rendered":"https:\/\/rpthaimassage.hu\/?post_type=product&#038;p=7973"},"modified":"2025-12-15T12:51:27","modified_gmt":"2025-12-15T11:51:27","slug":"teljes-egyensuly-masszazs-90-perc-szigetszentmiklos","status":"publish","type":"product","link":"https:\/\/rpthaimassage.hu\/hu\/termek\/teljes-egyensuly-masszazs-90-perc-szigetszentmiklos\/","title":{"rendered":"Royal Palace Egyens\u00faly Massz\u00e1zs &#8211; 90 perc (Szigetszentmikl\u00f3s)"},"content":{"rendered":"<p>Egy Teljes test, \u00e9s L\u00e1bmassz\u00e1zs.<\/p>\n","protected":false},"excerpt":{"rendered":"<p>Egy teljes egyens\u00faly massz\u00e1zs.<\/p>\n","protected":false},"featured_media":459,"template":"","meta":{"_et_pb_use_builder":"","_et_pb_old_content":"","_et_gb_content_width":""},"product_cat":[15],"product_tag":[],"class_list":["post-7973","product","type-product","status-publish","has-post-thumbnail","hentry","product_cat-egyeb"],"_links":{"self":[{"href":"https:\/\/rpthaimassage.hu\/hu\/wp-json\/wp\/v2\/product\/7973","targetHints":{"allow":["GET"]}}],"collection":[{"href":"https:\/\/rpthaimassage.hu\/hu\/wp-json\/wp\/v2\/product"}],"about":[{"href":"https:\/\/rpthaimassage.hu\/hu\/wp-json\/wp\/v2\/types\/product"}],"wp:featuredmedia":[{"embeddable":true,"href":"https:\/\/rpthaimassage.hu\/hu\/wp-json\/wp\/v2\/media\/459"}],"wp:attachment":[{"href":"https:\/\/rpthaimassage.hu\/hu\/wp-json\/wp\/v2\/media?parent=7973"}],"wp:term":[{"taxonomy":"product_cat","embeddable":true,"href":"https:\/\/rpthaimassage.hu\/hu\/wp-json\/wp\/v2\/product_cat?post=7973"},{"taxonomy":"product_tag","embeddable":true,"href":"https:\/\/rpthaimassage.hu\/hu\/wp-json\/wp\/v2\/product_tag?post=7973"}],"curies":[{"name":"wp","href":"https:\/\/api.w.org\/{rel}","templated":true}]}}