{"id":7979,"date":"2023-10-03T14:22:20","date_gmt":"2023-10-03T12:22:20","guid":{"rendered":"https:\/\/rpthaimassage.hu\/?post_type=product&#038;p=7979"},"modified":"2025-11-26T13:12:46","modified_gmt":"2025-11-26T12:12:46","slug":"vegyes-masszazs-60-perc-szigetszentmiklos","status":"publish","type":"product","link":"https:\/\/rpthaimassage.hu\/hu\/termek\/vegyes-masszazs-60-perc-szigetszentmiklos\/","title":{"rendered":"Thai Vegyes Olajos Massz\u00e1zs &#8211; 60 perc (Szigetszentmikl\u00f3s)"},"content":{"rendered":"<p>Egy Thai Olajos Vegyes Massz\u00e1zs.<\/p>\n","protected":false},"excerpt":{"rendered":"<p>Egy vegyes massz\u00e1zs.<\/p>\n","protected":false},"featured_media":459,"template":"","meta":{"_et_pb_use_builder":"","_et_pb_old_content":"","_et_gb_content_width":""},"product_cat":[15],"product_tag":[],"class_list":["post-7979","product","type-product","status-publish","has-post-thumbnail","hentry","product_cat-egyeb"],"_links":{"self":[{"href":"https:\/\/rpthaimassage.hu\/hu\/wp-json\/wp\/v2\/product\/7979","targetHints":{"allow":["GET"]}}],"collection":[{"href":"https:\/\/rpthaimassage.hu\/hu\/wp-json\/wp\/v2\/product"}],"about":[{"href":"https:\/\/rpthaimassage.hu\/hu\/wp-json\/wp\/v2\/types\/product"}],"wp:featuredmedia":[{"embeddable":true,"href":"https:\/\/rpthaimassage.hu\/hu\/wp-json\/wp\/v2\/media\/459"}],"wp:attachment":[{"href":"https:\/\/rpthaimassage.hu\/hu\/wp-json\/wp\/v2\/media?parent=7979"}],"wp:term":[{"taxonomy":"product_cat","embeddable":true,"href":"https:\/\/rpthaimassage.hu\/hu\/wp-json\/wp\/v2\/product_cat?post=7979"},{"taxonomy":"product_tag","embeddable":true,"href":"https:\/\/rpthaimassage.hu\/hu\/wp-json\/wp\/v2\/product_tag?post=7979"}],"curies":[{"name":"wp","href":"https:\/\/api.w.org\/{rel}","templated":true}]}}