{"id":8090,"date":"2023-10-04T04:39:01","date_gmt":"2023-10-04T02:39:01","guid":{"rendered":"https:\/\/rpthaimassage.hu\/?post_type=product&#038;p=8090"},"modified":"2025-12-15T12:50:52","modified_gmt":"2025-12-15T11:50:52","slug":"teljes-egyensuly-masszazs-120-perc-szigetszentmiklos","status":"publish","type":"product","link":"https:\/\/rpthaimassage.hu\/hu\/termek\/teljes-egyensuly-masszazs-120-perc-szigetszentmiklos\/","title":{"rendered":"Royal Palace Egyens\u00faly Massz\u00e1zs &#8211; 120 perc (Szigetszentmikl\u00f3s)"},"content":{"rendered":"<p>Egy Teljes test, \u00e9s L\u00e1bmassz\u00e1zs.<\/p>\n","protected":false},"excerpt":{"rendered":"<p>Egy teljes egyens\u00faly massz\u00e1zs.<\/p>\n","protected":false},"featured_media":459,"template":"","meta":{"_et_pb_use_builder":"","_et_pb_old_content":"","_et_gb_content_width":""},"product_cat":[15],"product_tag":[],"class_list":["post-8090","product","type-product","status-publish","has-post-thumbnail","hentry","product_cat-egyeb"],"_links":{"self":[{"href":"https:\/\/rpthaimassage.hu\/hu\/wp-json\/wp\/v2\/product\/8090","targetHints":{"allow":["GET"]}}],"collection":[{"href":"https:\/\/rpthaimassage.hu\/hu\/wp-json\/wp\/v2\/product"}],"about":[{"href":"https:\/\/rpthaimassage.hu\/hu\/wp-json\/wp\/v2\/types\/product"}],"wp:featuredmedia":[{"embeddable":true,"href":"https:\/\/rpthaimassage.hu\/hu\/wp-json\/wp\/v2\/media\/459"}],"wp:attachment":[{"href":"https:\/\/rpthaimassage.hu\/hu\/wp-json\/wp\/v2\/media?parent=8090"}],"wp:term":[{"taxonomy":"product_cat","embeddable":true,"href":"https:\/\/rpthaimassage.hu\/hu\/wp-json\/wp\/v2\/product_cat?post=8090"},{"taxonomy":"product_tag","embeddable":true,"href":"https:\/\/rpthaimassage.hu\/hu\/wp-json\/wp\/v2\/product_tag?post=8090"}],"curies":[{"name":"wp","href":"https:\/\/api.w.org\/{rel}","templated":true}]}}